{"id":172,"date":"2013-01-19T17:22:12","date_gmt":"2013-01-19T17:22:12","guid":{"rendered":"https:\/\/borkumreise.de\/?page_id=172"},"modified":"2023-03-20T15:09:17","modified_gmt":"2023-03-20T14:09:17","slug":"ferienwohnung-2","status":"publish","type":"page","link":"https:\/\/borkumreise.de\/?page_id=172","title":{"rendered":"Ferienwohnung 1"},"content":{"rendered":"<p>In\u00a0unserer Ferienwohnung\u00a0 im Erdgeschoss des Hus in de S\u00fcnne \u00a0stehen auf ca. 110qm f\u00fcr bis zu 6 Personen zu Ihrer Verf\u00fcgung:<\/p>\n<p>Ein grosser Wohn\/Essbereich\u00a0\u00a0ausgestattet mit Smart TV &amp; DVD-Player, Telecom Entertain und Sky, Internet Radio und einem gem\u00fctlichen Kaminofen.\u00a0 Zwei Schlafzimmer, jeweils mit Doppelbett und\u00a0 Kleiderschrank; ein weiteres Schlafzimmer mit ausziehbarem Einzelbett als Kinderzimmer eingerichtet, sowie ein Badezimmer mit Badewanne und eins mit Dusche.<\/p>\n<p>Auf Wunsch kann zus\u00e4tzlich ein Babybett gestellt werden. Zur Wohnung geh\u00f6rt weiterhin ein grosser Garten mit Wicky Spielturm, ein Gasgrill und eine Terasse ausgestattet mit Gartenm\u00f6beln.<\/p>\n<p>Die Wohnung liegt in unmittelbarer N\u00e4he des wundersch\u00f6nen S\u00fcdstrands \u2013 vom \u201cHus in de S\u00fcnne\u201d sind es gerade einmal 200m zum Strand.<br \/>\nDen aktuellen Belegungsplan finden Sie <a href=\"http:\/\/belegungskalender-kostenlos.de\/kalender.php?kid=13383\" target=\"_blank\" rel=\"noopener\" data-wplink-edit=\"true\">hier&#8230;<\/a><\/p>\n\n\t\t<style type=\"text\/css\">\n\t\t\t#gallery-1 {\n\t\t\t\tmargin: auto;\n\t\t\t}\n\t\t\t#gallery-1 .gallery-item {\n\t\t\t\tfloat: left;\n\t\t\t\tmargin-top: 10px;\n\t\t\t\ttext-align: center;\n\t\t\t\twidth: 33%;\n\t\t\t}\n\t\t\t#gallery-1 img {\n\t\t\t\tborder: 2px solid #cfcfcf;\n\t\t\t}\n\t\t\t#gallery-1 .gallery-caption {\n\t\t\t\tmargin-left: 0;\n\t\t\t}\n\t\t\t\/* see gallery_shortcode() in wp-includes\/media.php *\/\n\t\t<\/style>\n\t\t<div id='gallery-1' class='gallery galleryid-172 gallery-columns-3 gallery-size-thumbnail'><dl class='gallery-item'>\n\t\t\t<dt class='gallery-icon landscape'>\n\t\t\t\t<a href='https:\/\/borkumreise.de\/wp-content\/uploads\/006.jpg'><img loading=\"lazy\" decoding=\"async\" width=\"150\" height=\"150\" src=\"https:\/\/borkumreise.de\/wp-content\/uploads\/006-150x150.jpg\" class=\"attachment-thumbnail size-thumbnail\" alt=\"\" \/><\/a>\n\t\t\t<\/dt><\/dl><dl class='gallery-item'>\n\t\t\t<dt class='gallery-icon landscape'>\n\t\t\t\t<a href='https:\/\/borkumreise.de\/wp-content\/uploads\/008.jpg'><img loading=\"lazy\" decoding=\"async\" width=\"150\" height=\"150\" src=\"https:\/\/borkumreise.de\/wp-content\/uploads\/008-150x150.jpg\" class=\"attachment-thumbnail size-thumbnail\" alt=\"\" \/><\/a>\n\t\t\t<\/dt><\/dl><dl class='gallery-item'>\n\t\t\t<dt class='gallery-icon portrait'>\n\t\t\t\t<a href='https:\/\/borkumreise.de\/wp-content\/uploads\/015.jpg'><img loading=\"lazy\" decoding=\"async\" width=\"150\" height=\"150\" src=\"https:\/\/borkumreise.de\/wp-content\/uploads\/015-150x150.jpg\" class=\"attachment-thumbnail size-thumbnail\" alt=\"\" \/><\/a>\n\t\t\t<\/dt><\/dl><br style=\"clear: both\" \/><dl class='gallery-item'>\n\t\t\t<dt class='gallery-icon landscape'>\n\t\t\t\t<a href='https:\/\/borkumreise.de\/wp-content\/uploads\/032.jpg'><img loading=\"lazy\" decoding=\"async\" width=\"150\" height=\"150\" src=\"https:\/\/borkumreise.de\/wp-content\/uploads\/032-150x150.jpg\" class=\"attachment-thumbnail size-thumbnail\" alt=\"\" \/><\/a>\n\t\t\t<\/dt><\/dl><dl class='gallery-item'>\n\t\t\t<dt class='gallery-icon landscape'>\n\t\t\t\t<a href='https:\/\/borkumreise.de\/wp-content\/uploads\/364.jpg'><img loading=\"lazy\" decoding=\"async\" width=\"150\" height=\"150\" src=\"https:\/\/borkumreise.de\/wp-content\/uploads\/364-150x150.jpg\" class=\"attachment-thumbnail size-thumbnail\" alt=\"\" \/><\/a>\n\t\t\t<\/dt><\/dl><dl class='gallery-item'>\n\t\t\t<dt class='gallery-icon portrait'>\n\t\t\t\t<a href='https:\/\/borkumreise.de\/wp-content\/uploads\/372.jpg'><img loading=\"lazy\" decoding=\"async\" width=\"150\" height=\"150\" src=\"https:\/\/borkumreise.de\/wp-content\/uploads\/372-150x150.jpg\" class=\"attachment-thumbnail size-thumbnail\" alt=\"\" \/><\/a>\n\t\t\t<\/dt><\/dl><br style=\"clear: both\" \/>\n\t\t<\/div>\n\n","protected":false},"excerpt":{"rendered":"<p>In\u00a0unserer Ferienwohnung\u00a0 im Erdgeschoss des Hus in de S\u00fcnne \u00a0stehen auf ca. 110qm f\u00fcr bis zu 6 Personen zu Ihrer Verf\u00fcgung: Ein grosser Wohn\/Essbereich\u00a0\u00a0ausgestattet mit Smart TV &amp; DVD-Player, Telecom Entertain und Sky, Internet Radio und einem gem\u00fctlichen Kaminofen.\u00a0 Zwei &hellip; <a href=\"https:\/\/borkumreise.de\/?page_id=172\">Weiterlesen <span class=\"meta-nav\">&rarr;<\/span><\/a><\/p>\n","protected":false},"author":3,"featured_media":0,"parent":7,"menu_order":0,"comment_status":"closed","ping_status":"closed","template":"sidebar-page.php","meta":{"footnotes":""},"_links":{"self":[{"href":"https:\/\/borkumreise.de\/index.php?rest_route=\/wp\/v2\/pages\/172"}],"collection":[{"href":"https:\/\/borkumreise.de\/index.php?rest_route=\/wp\/v2\/pages"}],"about":[{"href":"https:\/\/borkumreise.de\/index.php?rest_route=\/wp\/v2\/types\/page"}],"author":[{"embeddable":true,"href":"https:\/\/borkumreise.de\/index.php?rest_route=\/wp\/v2\/users\/3"}],"replies":[{"embeddable":true,"href":"https:\/\/borkumreise.de\/index.php?rest_route=%2Fwp%2Fv2%2Fcomments&post=172"}],"version-history":[{"count":2,"href":"https:\/\/borkumreise.de\/index.php?rest_route=\/wp\/v2\/pages\/172\/revisions"}],"predecessor-version":[{"id":350,"href":"https:\/\/borkumreise.de\/index.php?rest_route=\/wp\/v2\/pages\/172\/revisions\/350"}],"up":[{"embeddable":true,"href":"https:\/\/borkumreise.de\/index.php?rest_route=\/wp\/v2\/pages\/7"}],"wp:attachment":[{"href":"https:\/\/borkumreise.de\/index.php?rest_route=%2Fwp%2Fv2%2Fmedia&parent=172"}],"curies":[{"name":"wp","href":"https:\/\/api.w.org\/{rel}","templated":true}]}}