{"id":9,"date":"2011-11-16T20:50:43","date_gmt":"2011-11-16T20:50:43","guid":{"rendered":"https:\/\/borkumreise.de\/?page_id=9"},"modified":"2016-08-21T13:30:25","modified_gmt":"2016-08-21T13:30:25","slug":"die-lage","status":"publish","type":"page","link":"https:\/\/borkumreise.de\/?page_id=9","title":{"rendered":"Anreise &#038; Lage"},"content":{"rendered":"<p>Die Insel Borkum erreichen Sie per Pkw \u00fcber Emden (D), Eemshaven (NL) oder\u00a0mit der Bahn \u00fcber Emden (D). In\u00a0diesen H\u00e4fen\u00a0stehen\u00a0Ihnen die Schiffe der AG-EMS zur\u00a0\u00dcberfahrt\u00a0zu Verf\u00fcgung.\u00a0Schnell und komfortabel setzen Sie mit dem Katamaran \u00fcber, dieser bef\u00f6rdert allerdings nur Personen. Gem\u00e4chlicher geht es mit der Autof\u00e4hre zur Insel. Von Emden ist aus ist Borkum auch mit dem Flugzeug zu erreichen. Auf Borkum erwartet Sie die Inselbahn, die Sie von der Reede in den Ort bringt.<\/p>\n<p>Das Hus in de S\u00fcnne liegt in der ruhigen Randzelstrasse. Der Ortsmittelpunkt ist\u00a0~ 800 m entfernt \u2013 ca. 10 Minuten Fussweg. Ein gut sortierter Supermarkt mit B\u00e4ckerei befindet sich in der Deichstrasse (ca. 350 m Fu\u00dfweg).<\/p>\n<p>Der S\u00fcdstrand, f\u00fcr viele G\u00e4ste mit seinem feinen weissen Sand und kleinen D\u00fcnen der sch\u00f6nste Strand auf Borkum, ist\u00a0ca. 200 m entfernt.<\/p>\n<p>&nbsp;<\/p>\n<p><iframe loading=\"lazy\" src=\"http:\/\/maps.google.de\/maps?f=q&amp;source=s_q&amp;hl=de&amp;geocode=&amp;q=Randzelstra%C3%9Fe+5,+Borkum&amp;aq=0&amp;sll=51.151786,10.415039&amp;sspn=30.619737,35.727539&amp;vpsrc=0&amp;ie=UTF8&amp;hq=&amp;hnear=Randzelstra%C3%9Fe+5,+26757+Borkum,+Niedersachsen&amp;t=m&amp;ll=53.580175,6.671448&amp;spn=0.036689,0.100422&amp;z=13&amp;iwloc=A&amp;output=embed\" frameborder=\"0\" marginwidth=\"0\" marginheight=\"0\" scrolling=\"no\" width=\"585\" height=\"360\"><\/iframe><br \/>\n<small><a style=\"color: #0000ff; text-align: left;\" href=\"http:\/\/maps.google.de\/maps?f=q&amp;source=embed&amp;hl=de&amp;geocode=&amp;q=Randzelstra%C3%9Fe+5,+Borkum&amp;aq=0&amp;sll=51.151786,10.415039&amp;sspn=30.619737,35.727539&amp;vpsrc=0&amp;ie=UTF8&amp;hq=&amp;hnear=Randzelstra%C3%9Fe+5,+26757+Borkum,+Niedersachsen&amp;t=m&amp;ll=53.580175,6.671448&amp;spn=0.036689,0.100422&amp;z=13&amp;iwloc=A\">Gr\u00f6\u00dfere Kartenansicht<\/a><\/small><\/p>\n","protected":false},"excerpt":{"rendered":"<p>Die Insel Borkum erreichen Sie per Pkw \u00fcber Emden (D), Eemshaven (NL) oder\u00a0mit der Bahn \u00fcber Emden (D). In\u00a0diesen H\u00e4fen\u00a0stehen\u00a0Ihnen die Schiffe der AG-EMS zur\u00a0\u00dcberfahrt\u00a0zu Verf\u00fcgung.\u00a0Schnell und komfortabel setzen Sie mit dem Katamaran \u00fcber, dieser bef\u00f6rdert allerdings nur Personen. Gem\u00e4chlicher &hellip; <a href=\"https:\/\/borkumreise.de\/?page_id=9\">Weiterlesen <span class=\"meta-nav\">&rarr;<\/span><\/a><\/p>\n","protected":false},"author":1,"featured_media":0,"parent":0,"menu_order":5,"comment_status":"closed","ping_status":"closed","template":"sidebar-page.php","meta":{"footnotes":""},"_links":{"self":[{"href":"https:\/\/borkumreise.de\/index.php?rest_route=\/wp\/v2\/pages\/9"}],"collection":[{"href":"https:\/\/borkumreise.de\/index.php?rest_route=\/wp\/v2\/pages"}],"about":[{"href":"https:\/\/borkumreise.de\/index.php?rest_route=\/wp\/v2\/types\/page"}],"author":[{"embeddable":true,"href":"https:\/\/borkumreise.de\/index.php?rest_route=\/wp\/v2\/users\/1"}],"replies":[{"embeddable":true,"href":"https:\/\/borkumreise.de\/index.php?rest_route=%2Fwp%2Fv2%2Fcomments&post=9"}],"version-history":[{"count":0,"href":"https:\/\/borkumreise.de\/index.php?rest_route=\/wp\/v2\/pages\/9\/revisions"}],"wp:attachment":[{"href":"https:\/\/borkumreise.de\/index.php?rest_route=%2Fwp%2Fv2%2Fmedia&parent=9"}],"curies":[{"name":"wp","href":"https:\/\/api.w.org\/{rel}","templated":true}]}}